{"id":363,"date":"2025-09-18T22:25:43","date_gmt":"2025-09-18T20:25:43","guid":{"rendered":"http:\/\/latin-music.be\/?page_id=363"},"modified":"2025-09-19T14:42:49","modified_gmt":"2025-09-19T12:42:49","slug":"home","status":"publish","type":"page","link":"https:\/\/latin-music.be\/?page_id=363","title":{"rendered":"Home"},"content":{"rendered":"\n    \n    <section class=\"u-clearfix u-image u-shading u-section-2\" id=\"sec-eeee\" data-image-width=\"1907\" data-image-height=\"665\" style=\"background-image: linear-gradient(0deg, rgba(0, 0, 0, 0.2), rgba(0, 0, 0, 0.2)), url(&quot;https:\/\/latin-music.be\/wp-content\/uploads\/2025\/09\/jamuzic-6-1.jpg&quot;);\">\n      <div class=\"u-clearfix u-sheet u-sheet-1\">\n        <div class=\"u-expanded-width-xs u-video u-video-contain u-video-1\">\n          <div class=\"embed-responsive embed-responsive-1\">\n            <iframe style=\"position: absolute;top: 0;left: 0;width: 100%;height: 100%;\" class=\"embed-responsive-item\" src=\"https:\/\/www.youtube.com\/embed\/VeqIzkHs0YE?mute=0&amp;showinfo=0&amp;controls=0&amp;start=0\" frameborder=\"0\" allowfullscreen=\"\"><\/iframe>\n          <\/div>\n        <\/div>\n        <a href=\"#sec-57e1\" class=\"u-active-white u-border-2 u-border-palette-2-dark-2 u-btn u-btn-round u-button-style u-hover-palette-3-dark-3 u-palette-2-dark-2 u-radius u-text-hover-white u-text-white u-btn-1\"> Contact<\/a>\n        <a href=\"#sec-9259\" class=\"u-active-white u-border-2 u-border-palette-2-dark-2 u-btn u-btn-round u-button-style u-hover-palette-3-dark-3 u-palette-2-dark-2 u-radius u-text-hover-white u-text-white u-btn-2\">Over ons<\/a>\n      <\/div>\n    <\/section>\n    <section class=\"u-clearfix u-image u-shading u-section-3\" id=\"sec-9259\" data-image-width=\"1907\" data-image-height=\"665\" style=\"background-image: linear-gradient(0deg, rgba(0, 0, 0, 0.2), rgba(0, 0, 0, 0.2)), url(&quot;https:\/\/latin-music.be\/wp-content\/uploads\/2025\/09\/jamuzic-7-1.jpg&quot;);\">\n      <div class=\"u-clearfix u-sheet u-sheet-1\">\n        <div class=\"u-align-center u-container-align-center u-container-style u-group u-palette-2-dark-3 u-radius u-shape-round u-group-1\">\n          <div class=\"u-container-layout u-valign-middle u-container-layout-1\">\n            <h3 class=\"u-text u-text-default u-text-1\">Muziekgroep met Spaanse en Latijns-Amerikaanse muziek en ritmes<\/h3>\n          <\/div>\n        <\/div>\n        <a href=\"https:\/\/latin-music.be\/?page_id=363\" class=\"u-active-white u-border-2 u-border-palette-2-dark-2 u-btn u-btn-round u-button-style u-hover-palette-3-dark-3 u-palette-2-dark-2 u-radius u-text-hover-white u-text-white u-btn-1\">Home <\/a>\n        <a href=\"#sec-57e1\" class=\"u-active-white u-border-2 u-border-palette-2-dark-2 u-btn u-btn-round u-button-style u-hover-palette-3-dark-3 u-palette-2-dark-2 u-radius u-text-hover-white u-text-white u-btn-2\"> Contact<\/a>\n      <\/div>\n    <\/section>\n    <section class=\"u-clearfix u-image u-shading u-section-4\" id=\"sec-57e1\" data-image-width=\"1907\" data-image-height=\"665\" style=\"background-image: linear-gradient(0deg, rgba(0, 0, 0, 0.2), rgba(0, 0, 0, 0.2)), url(&quot;https:\/\/latin-music.be\/wp-content\/uploads\/2025\/09\/jamuzic-8-1.jpg&quot;);\">\n      <div class=\"u-clearfix u-sheet u-sheet-1\">\n        <div class=\"u-form u-palette-2-dark-3 u-form-1\">\n          <form action=\"https:\/\/forms.nicepagesrv.com\/v2\/form\/process\" class=\"u-clearfix u-form-spacing-10 u-form-vertical u-inner-form\" source=\"email\" name=\"form\" style=\"padding: 10px;\">\n            <div class=\"u-form-group u-form-name\">\n              <label class=\"u-label\">Naam<\/label>\n              <input type=\"text\" placeholder=\"Voer uw naam in\" id=\"name-151c\" name=\"name\" class=\"u-input u-input-rectangle\" required=\"\">\n            <\/div>\n            <div class=\"u-form-email u-form-group\">\n              <label class=\"u-label\">E-mail<\/label>\n              <input type=\"email\" placeholder=\"Voer een geldig e-mailadres in\" id=\"email-151c\" name=\"email\" class=\"u-input u-input-rectangle\" required=\"\">\n            <\/div>\n            <div class=\"u-form-group u-form-message\">\n              <label class=\"u-label\">Bericht<\/label>\n              <textarea placeholder=\"Voer uw bericht in\" id=\"message-151c\" name=\"message\" class=\"u-input u-input-rectangle\" required=\"\"><\/textarea>\n            <\/div>\n            <div class=\"u-align-left u-form-group u-form-submit\">\n              <a href=\"#\" class=\"u-btn u-btn-submit u-button-style\">Versturen<\/a>\n              <input type=\"submit\" value=\"submit\" class=\"u-form-control-hidden\">\n            <\/div>\n            <div class=\"u-form-send-message u-form-send-success\">Merci ! Votre message a \u00e9t\u00e9 envoy\u00e9.<\/div>\n            <div class=\"u-form-send-error u-form-send-message\">Impossible d'envoyer votre message. Merci de corriger les erreurs et r\u00e9essayer.<\/div>\n            <input type=\"hidden\" value=\"\" name=\"recaptchaResponse\">\n            <input type=\"hidden\" name=\"formServices\" value=\"18f5ef6c-4d09-750d-4196-efda2602f78f\">\n          <\/form>\n        <\/div>\n        <a href=\"#sec-9259\" class=\"u-active-white u-border-2 u-border-palette-2-dark-2 u-btn u-btn-round u-button-style u-hover-palette-3-dark-3 u-palette-2-dark-2 u-radius u-text-hover-white u-text-white u-btn-2\">Over ons<\/a>\n        <a href=\"https:\/\/latin-music.be\/?page_id=363\" class=\"u-active-white u-border-2 u-border-palette-2-dark-2 u-btn u-btn-round u-button-style u-hover-palette-3-dark-3 u-palette-2-dark-2 u-radius u-text-hover-white u-text-white u-btn-3\">Home<\/a>\n      <\/div>\n    <\/section>\n    \n    \n    \n    \n  \n","protected":false},"excerpt":{"rendered":"<p>Contact Over ons Muziekgroep met Spaanse en Latijns-Amerikaanse muziek en ritmes Home Contact Naam E-mail Bericht Versturen Merci ! Votre message a \u00e9t\u00e9 envoy\u00e9. Impossible d&rsquo;envoyer votre message. Merci de corriger les erreurs et r\u00e9essayer. Over ons Home<\/p>\n","protected":false},"author":1,"featured_media":0,"parent":0,"menu_order":0,"comment_status":"closed","ping_status":"closed","template":"","meta":{"footnotes":""},"class_list":["post-363","page","type-page","status-publish","hentry"],"_links":{"self":[{"href":"https:\/\/latin-music.be\/index.php?rest_route=\/wp\/v2\/pages\/363","targetHints":{"allow":["GET"]}}],"collection":[{"href":"https:\/\/latin-music.be\/index.php?rest_route=\/wp\/v2\/pages"}],"about":[{"href":"https:\/\/latin-music.be\/index.php?rest_route=\/wp\/v2\/types\/page"}],"author":[{"embeddable":true,"href":"https:\/\/latin-music.be\/index.php?rest_route=\/wp\/v2\/users\/1"}],"replies":[{"embeddable":true,"href":"https:\/\/latin-music.be\/index.php?rest_route=%2Fwp%2Fv2%2Fcomments&post=363"}],"version-history":[{"count":15,"href":"https:\/\/latin-music.be\/index.php?rest_route=\/wp\/v2\/pages\/363\/revisions"}],"predecessor-version":[{"id":391,"href":"https:\/\/latin-music.be\/index.php?rest_route=\/wp\/v2\/pages\/363\/revisions\/391"}],"wp:attachment":[{"href":"https:\/\/latin-music.be\/index.php?rest_route=%2Fwp%2Fv2%2Fmedia&parent=363"}],"curies":[{"name":"wp","href":"https:\/\/api.w.org\/{rel}","templated":true}]}}